{"id":370,"date":"2018-03-27T08:09:42","date_gmt":"2018-03-27T08:09:42","guid":{"rendered":"https:\/\/plethorathemes.com\/hotel-xenia\/city-hotel\/?page_id=8"},"modified":"2022-07-27T16:54:53","modified_gmt":"2022-07-27T14:54:53","slug":"rooms-suites","status":"publish","type":"page","link":"https:\/\/lamaisondesbois-perigord.com\/index.php\/rooms-suites\/","title":{"rendered":"H\u00e9bergements"},"content":{"rendered":"<p>[vc_row row_padding_top=&#8221;padding_top_1-4&#8243;][vc_column offset=&#8221;vc_col-lg-offset-3 vc_col-lg-6 vc_col-md-offset-2 vc_col-md-8&#8243;]<div class=\"heading_group_sc wpb_content_element subtitle_bottom   vc_custom_1611509061709  text-center\">\r\n\r\n\r\n    <h2>Nos logements<\/h2>\n\r\n\r\n        <span class=\"subtitle\"><\/span>\r\n\r\n        <div class=\"svg_divider\"><img decoding=\"async\" src=\"https:\/\/lamaisondesbois-perigord.com\/wp-content\/themes\/hotel-xenia\/templates\/shortcodes\/divider.png\"><\/div>\r\n<\/div>[vc_column_text css=&#8221;.vc_custom_1611597251183{margin-top: 0px !important;margin-bottom: 40px !important;}&#8221;]<\/p>\n<p style=\"text-align: center;\">Nos vous proposons 2 chambres d&#8217;h\u00f4tes\u00a0avec un acc\u00e8s ind\u00e9pendant par la cour int\u00e9rieure. Chaque chambre a sa propre terrasse.<\/p>\n<p style=\"text-align: center;\">Sur la propri\u00e9t\u00e9, 2 maisons ind\u00e9pendantes sont propos\u00e9es en tant que g\u00eetes.<\/p>\n<p style=\"text-align: center;\">\u00ab\u00a0Le petit bucheron\u00a0\u00bb peut accueillir jusqu\u2019\u00e0 4 personnes avec ses 2 chambres et sa grande terrasse.<\/p>\n<p style=\"text-align: center;\">\u00ab\u00a0La ch\u00eanaie\u00a0\u00bb peut accueillir jusqu\u2019\u00e0 6 personnes (3 chambres) et est adapt\u00e9e aux personnes \u00e0 mobilit\u00e9 r\u00e9duite.<\/p>\n<p>[\/vc_column_text][\/vc_column][vc_column align=&#8221;text-center&#8221;]<div class=\"ple_anypostloop_shortcode wpb_content_element  \"><div id=\"grid_5ae2ef4f9f417\" class=\"grid_wrapper row clearfix  rooms_grid_classic_vertical_wrapper \"> \t\r\n        <div class=\"rooms_grid_item grid_item col-xs-12 grid_sizer col-md-3 col-sm-4  rooms  \" >\r\n                <div class=\"rooms_grid_item_photo\">\r\n                        <a href=\"https:\/\/lamaisondesbois-perigord.com\/index.php\/room\/grand-suite\/\" title=\"La Ch\u00eanaie\" target=\"_parent\" class=\"\">\r\n                        <div style=\"background-image: url('https:\/\/lamaisondesbois-perigord.com\/wp-content\/uploads\/2018\/04\/0CC13F0B-BB57-4EB1-8E71-205730D9BA76_1_105_c.jpeg')\" class=\"stretchy_wrapper ratio_2-1 \"  title=\"La Ch\u00eanaie\">\r\n                           \r\n                        <\/div>\r\n                        <\/a>\r\n                <\/div>\r\n\r\n                <div class=\"rooms_grid_item_content white_section\">\r\n                        <h3 class=\"textify_links\"><a href=\"https:\/\/lamaisondesbois-perigord.com\/index.php\/room\/grand-suite\/\" title=\"La Ch\u00eanaie\" target=\"_parent\" class=\"\">La Ch\u00eanaie<\/a><\/h3>\r\n                        <p class=\"subtitle\">6 personnes<\/p>\r\n                        <div class=\"room_listed_amenities\">\r\n                        <\/div>                        \r\n                        <p class=\"excerpt\">G\u00eete de 84m2 comprenant une belle terrasse avec vue, sans vis \u00e0 vis. G\u00eete adapt\u00e9 aux&hellip;<\/p>                        \r\n\r\n                        <a href=\"https:\/\/lamaisondesbois-perigord.com\/index.php\/room\/grand-suite\/\" title=\"La Ch\u00eanaie\" target=\"_parent\" class=\"btn btn-link \">En savoir plus<\/a>\r\n                <\/div>\r\n\r\n        <\/div>        \r\n        <div class=\"rooms_grid_item grid_item col-xs-12 grid_sizer col-md-3 col-sm-4  rooms  \" >\r\n                <div class=\"rooms_grid_item_photo\">\r\n                        <a href=\"https:\/\/lamaisondesbois-perigord.com\/index.php\/room\/triple-deluxe\/\" title=\"Le Petit b\u00fbcheron\" target=\"_parent\" class=\"\">\r\n                        <div style=\"background-image: url('https:\/\/lamaisondesbois-perigord.com\/wp-content\/uploads\/2018\/04\/EC0BC33D-51AA-4EAD-8F04-03F4576307C5_1_105_c.jpeg')\" class=\"stretchy_wrapper ratio_2-1 \"  title=\"Le Petit b\u00fbcheron\">\r\n                           \r\n                        <\/div>\r\n                        <\/a>\r\n                <\/div>\r\n\r\n                <div class=\"rooms_grid_item_content white_section\">\r\n                        <h3 class=\"textify_links\"><a href=\"https:\/\/lamaisondesbois-perigord.com\/index.php\/room\/triple-deluxe\/\" title=\"Le Petit b\u00fbcheron\" target=\"_parent\" class=\"\">Le Petit b\u00fbcheron<\/a><\/h3>\r\n                        <p class=\"subtitle\">4 personnes<\/p>\r\n                        <div class=\"room_listed_amenities\">\r\n                        <\/div>                        \r\n                        <p class=\"excerpt\">G\u00eete de 43m2 avec une vue sur le parc arbor\u00e9, sans vis \u00e0 vis avec acc\u00e8s&hellip;<\/p>                        \r\n\r\n                        <a href=\"https:\/\/lamaisondesbois-perigord.com\/index.php\/room\/triple-deluxe\/\" title=\"Le Petit b\u00fbcheron\" target=\"_parent\" class=\"btn btn-link \">En savoir plus<\/a>\r\n                <\/div>\r\n\r\n        <\/div>        \r\n        <div class=\"rooms_grid_item grid_item col-xs-12 grid_sizer col-md-3 col-sm-4  rooms  \" >\r\n                <div class=\"rooms_grid_item_photo\">\r\n                        <a href=\"https:\/\/lamaisondesbois-perigord.com\/index.php\/room\/double-deluxe\/\" title=\"La source\" target=\"_parent\" class=\"\">\r\n                        <div style=\"background-image: url('https:\/\/lamaisondesbois-perigord.com\/wp-content\/uploads\/2018\/04\/23C3D0EA-18F6-421A-8896-269A078E1CA5.jpeg')\" class=\"stretchy_wrapper ratio_2-1 \"  title=\"La source\">\r\n                           \r\n                        <\/div>\r\n                        <\/a>\r\n                <\/div>\r\n\r\n                <div class=\"rooms_grid_item_content white_section\">\r\n                        <h3 class=\"textify_links\"><a href=\"https:\/\/lamaisondesbois-perigord.com\/index.php\/room\/double-deluxe\/\" title=\"La source\" target=\"_parent\" class=\"\">La source<\/a><\/h3>\r\n                        <p class=\"subtitle\">Chambre d'h\u00f4tes<\/p>\r\n                        <div class=\"room_listed_amenities\">\r\n                        <\/div>                        \r\n                        <p class=\"excerpt\">Chambre situ\u00e9e \u00e0 l'entr\u00e9e de la maison principale. 1 lit double 160 x 200<\/p>                        \r\n                        <p class=\"booking_price\">\r\n                                <span class=\"booking_price_before\">A partir de <\/span>\r\n                                <span class=\"booking_price\">65\u20ac<\/span>\r\n                                <span class=\"booking_price_after\">\/ nuit<\/span>\r\n                        <\/p>\r\n\r\n                        <a href=\"https:\/\/lamaisondesbois-perigord.com\/index.php\/room\/double-deluxe\/\" title=\"La source\" target=\"_parent\" class=\"btn btn-link \">En savoir plus<\/a>\r\n                <\/div>\r\n\r\n        <\/div>        \r\n        <div class=\"rooms_grid_item grid_item col-xs-12 grid_sizer col-md-3 col-sm-4  rooms  \" >\r\n                <div class=\"rooms_grid_item_photo\">\r\n                        <a href=\"https:\/\/lamaisondesbois-perigord.com\/index.php\/room\/single-room-2\/\" title=\"La truffi\u00e8re\" target=\"_parent\" class=\"\">\r\n                        <div style=\"background-image: url('https:\/\/lamaisondesbois-perigord.com\/wp-content\/uploads\/2018\/04\/66943292-9096-4004-B918-8DAFAAAFCED6.jpeg')\" class=\"stretchy_wrapper ratio_2-1 \"  title=\"La truffi\u00e8re\">\r\n                           \r\n                        <\/div>\r\n                        <\/a>\r\n                <\/div>\r\n\r\n                <div class=\"rooms_grid_item_content white_section\">\r\n                        <h3 class=\"textify_links\"><a href=\"https:\/\/lamaisondesbois-perigord.com\/index.php\/room\/single-room-2\/\" title=\"La truffi\u00e8re\" target=\"_parent\" class=\"\">La truffi\u00e8re<\/a><\/h3>\r\n                        <p class=\"subtitle\">Chambre d'h\u00f4tes<\/p>\r\n                        <div class=\"room_listed_amenities\">\r\n                        <\/div>                        \r\n                        <p class=\"excerpt\">Chambre situ\u00e9e face \u00e0 la maison principale<\/p>                        \r\n                        <p class=\"booking_price\">\r\n                                <span class=\"booking_price_before\">A partir de <\/span>\r\n                                <span class=\"booking_price\">65\u20ac<\/span>\r\n                                <span class=\"booking_price_after\">\/ nuit<\/span>\r\n                        <\/p>\r\n\r\n                        <a href=\"https:\/\/lamaisondesbois-perigord.com\/index.php\/room\/single-room-2\/\" title=\"La truffi\u00e8re\" target=\"_parent\" class=\"btn btn-link \">En savoir plus<\/a>\r\n                <\/div>\r\n\r\n        <\/div>        \r\n<\/div><\/div>[\/vc_column][\/vc_row][vc_row full_width=&#8221;stretch_row&#8221; disable_element=&#8221;yes&#8221; row_padding_bottom=&#8221;padding_bottom_none&#8221; css=&#8221;.vc_custom_1611510877900{background-color: #f9f9f9 !important;}&#8221;][vc_column offset=&#8221;vc_col-lg-offset-3 vc_col-lg-6 vc_col-md-offset-2 vc_col-md-8&#8243;]<div class=\"heading_group_sc wpb_content_element subtitle_bottom   vc_custom_1610812952584  text-center\">\r\n\r\n\r\n    <h2>COMMODIT\u00e9s<\/h2>\n\r\n\r\n        <span class=\"subtitle\"><\/span>\r\n\r\n        <div class=\"svg_divider\"><img decoding=\"async\" src=\"https:\/\/lamaisondesbois-perigord.com\/wp-content\/themes\/hotel-xenia\/templates\/shortcodes\/divider.png\"><\/div>\r\n<\/div>[vc_column_text css=&#8221;.vc_custom_1610813010158{margin-top: 0px !important;margin-bottom: 40px !important;}&#8221;]<\/p>\n<p style=\"text-align: center;\">Nos chambres et g\u00eetes sont \u00e9quip\u00e9s<\/p>\n<p>[\/vc_column_text][\/vc_column][\/vc_row][vc_row full_width=&#8221;stretch_row&#8221; disable_element=&#8221;yes&#8221; row_padding_top=&#8221;padding_top_none&#8221; css=&#8221;.vc_custom_1611510885846{background-color: #f9f9f9 !important;}&#8221;][vc_column width=&#8221;1\/6&#8243;][vc_icon icon_fontawesome=&#8221;fa fa-cutlery&#8221; color=&#8221;black&#8221; align=&#8221;center&#8221;][vc_column_text]<\/p>\n<p style=\"text-align: center;\">PETIT-DEJEUNER<\/p>\n<p>[\/vc_column_text][\/vc_column][vc_column width=&#8221;1\/6&#8243;][vc_icon icon_fontawesome=&#8221;fa fa-wifi&#8221; color=&#8221;black&#8221; align=&#8221;center&#8221;][vc_column_text]<\/p>\n<p style=\"text-align: center;\">WIFI<\/p>\n<p>[\/vc_column_text][\/vc_column][vc_column width=&#8221;1\/6&#8243;][vc_icon icon_fontawesome=&#8221;fa fa-television&#8221; color=&#8221;black&#8221; align=&#8221;center&#8221;][vc_column_text]<\/p>\n<p style=\"text-align: center;\">TV<\/p>\n<p>[\/vc_column_text][\/vc_column][vc_column width=&#8221;1\/6&#8243;][vc_icon icon_fontawesome=&#8221;fab fa-accessible-icon&#8221; color=&#8221;black&#8221; align=&#8221;center&#8221;][vc_column_text]<\/p>\n<p style=\"text-align: center;\">PMR<\/p>\n<p>[\/vc_column_text][\/vc_column][vc_column width=&#8221;1\/6&#8243;][vc_icon icon_fontawesome=&#8221;fas fa-fish&#8221; color=&#8221;black&#8221; align=&#8221;center&#8221;][vc_column_text]<\/p>\n<p style=\"text-align: center;\">PISCINE<\/p>\n<p>[\/vc_column_text][\/vc_column][vc_column width=&#8221;1\/6&#8243;][vc_icon icon_fontawesome=&#8221;fas fa-store-alt&#8221; color=&#8221;black&#8221; align=&#8221;center&#8221;][vc_column_text]<\/p>\n<p style=\"text-align: center;\">DRAPS<\/p>\n<p>[\/vc_column_text][\/vc_column][\/vc_row]<\/p>\n","protected":false},"excerpt":{"rendered":"<p>[vc_row row_padding_top=&#8221;padding_top_1-4&#8243;][vc_column offset=&#8221;vc_col-lg-offset-3 vc_col-lg-6 vc_col-md-offset-2 vc_col-md-8&#8243;][vc_column_text css=&#8221;.vc_custom_1611597251183{margin-top: 0px !important;margin-bottom: 40px !important;}&#8221;] Nos vous proposons 2 chambres d&#8217;h\u00f4tes\u00a0avec un acc\u00e8s ind\u00e9pendant par la cour int\u00e9rieure. Chaque chambre a sa propre terrasse. Sur la propri\u00e9t\u00e9, 2 maisons ind\u00e9pendantes sont propos\u00e9es en tant que g\u00eetes. \u00ab\u00a0Le petit bucheron\u00a0\u00bb peut accueillir jusqu\u2019\u00e0 4 personnes avec ses 2 chambres et [&hellip;]<\/p>\n","protected":false},"author":1,"featured_media":0,"parent":0,"menu_order":0,"comment_status":"closed","ping_status":"closed","template":"","meta":{"_monsterinsights_skip_tracking":false,"_monsterinsights_sitenote_active":false,"_monsterinsights_sitenote_note":"","_monsterinsights_sitenote_category":0,"footnotes":""},"yoast_head":"<!-- This site is optimized with the Yoast SEO plugin v16.2 - https:\/\/yoast.com\/wordpress\/plugins\/seo\/ -->\n<title>H\u00e9bergements - La Maison des Bois P\u00e9rigord<\/title>\n<meta name=\"robots\" content=\"index, follow, max-snippet:-1, max-image-preview:large, max-video-preview:-1\" \/>\n<link rel=\"canonical\" href=\"https:\/\/lamaisondesbois-perigord.com\/index.php\/rooms-suites\/\" \/>\n<meta property=\"og:locale\" content=\"en_US\" \/>\n<meta property=\"og:type\" content=\"article\" \/>\n<meta property=\"og:title\" content=\"H\u00e9bergements - La Maison des Bois P\u00e9rigord\" \/>\n<meta property=\"og:description\" content=\"[vc_row row_padding_top=&#8221;padding_top_1-4&#8243;][vc_column offset=&#8221;vc_col-lg-offset-3 vc_col-lg-6 vc_col-md-offset-2 vc_col-md-8&#8243;][vc_column_text css=&#8221;.vc_custom_1611597251183{margin-top: 0px !important;margin-bottom: 40px !important;}&#8221;] Nos vous proposons 2 chambres d&#8217;h\u00f4tes\u00a0avec un acc\u00e8s ind\u00e9pendant par la cour int\u00e9rieure. Chaque chambre a sa propre terrasse. Sur la propri\u00e9t\u00e9, 2 maisons ind\u00e9pendantes sont propos\u00e9es en tant que g\u00eetes. \u00ab\u00a0Le petit bucheron\u00a0\u00bb peut accueillir jusqu\u2019\u00e0 4 personnes avec ses 2 chambres et [&hellip;]\" \/>\n<meta property=\"og:url\" content=\"https:\/\/lamaisondesbois-perigord.com\/index.php\/rooms-suites\/\" \/>\n<meta property=\"og:site_name\" content=\"La Maison des Bois P\u00e9rigord\" \/>\n<meta property=\"article:modified_time\" content=\"2022-07-27T14:54:53+00:00\" \/>\n<meta name=\"twitter:card\" content=\"summary_large_image\" \/>\n<meta name=\"twitter:label1\" content=\"Est. reading time\">\n\t<meta name=\"twitter:data1\" content=\"2 minutes\">\n<script type=\"application\/ld+json\" class=\"yoast-schema-graph\">{\"@context\":\"https:\/\/schema.org\",\"@graph\":[{\"@type\":\"WebSite\",\"@id\":\"https:\/\/lamaisondesbois-perigord.com\/#website\",\"url\":\"https:\/\/lamaisondesbois-perigord.com\/\",\"name\":\"La Maison des Bois P\\u00e9rigord\",\"description\":\"Au coeur de la nature\",\"potentialAction\":[{\"@type\":\"SearchAction\",\"target\":\"https:\/\/lamaisondesbois-perigord.com\/?s={search_term_string}\",\"query-input\":\"required name=search_term_string\"}],\"inLanguage\":\"en-US\"},{\"@type\":\"WebPage\",\"@id\":\"https:\/\/lamaisondesbois-perigord.com\/index.php\/rooms-suites\/#webpage\",\"url\":\"https:\/\/lamaisondesbois-perigord.com\/index.php\/rooms-suites\/\",\"name\":\"H\\u00e9bergements - La Maison des Bois P\\u00e9rigord\",\"isPartOf\":{\"@id\":\"https:\/\/lamaisondesbois-perigord.com\/#website\"},\"datePublished\":\"2018-03-27T08:09:42+00:00\",\"dateModified\":\"2022-07-27T14:54:53+00:00\",\"breadcrumb\":{\"@id\":\"https:\/\/lamaisondesbois-perigord.com\/index.php\/rooms-suites\/#breadcrumb\"},\"inLanguage\":\"en-US\",\"potentialAction\":[{\"@type\":\"ReadAction\",\"target\":[\"https:\/\/lamaisondesbois-perigord.com\/index.php\/rooms-suites\/\"]}]},{\"@type\":\"BreadcrumbList\",\"@id\":\"https:\/\/lamaisondesbois-perigord.com\/index.php\/rooms-suites\/#breadcrumb\",\"itemListElement\":[{\"@type\":\"ListItem\",\"position\":1,\"item\":{\"@type\":\"WebPage\",\"@id\":\"https:\/\/lamaisondesbois-perigord.com\/\",\"url\":\"https:\/\/lamaisondesbois-perigord.com\/\",\"name\":\"Accueil\"}},{\"@type\":\"ListItem\",\"position\":2,\"item\":{\"@id\":\"https:\/\/lamaisondesbois-perigord.com\/index.php\/rooms-suites\/#webpage\"}}]}]}<\/script>\n<!-- \/ Yoast SEO plugin. -->","_links":{"self":[{"href":"https:\/\/lamaisondesbois-perigord.com\/index.php\/wp-json\/wp\/v2\/pages\/370"}],"collection":[{"href":"https:\/\/lamaisondesbois-perigord.com\/index.php\/wp-json\/wp\/v2\/pages"}],"about":[{"href":"https:\/\/lamaisondesbois-perigord.com\/index.php\/wp-json\/wp\/v2\/types\/page"}],"author":[{"embeddable":true,"href":"https:\/\/lamaisondesbois-perigord.com\/index.php\/wp-json\/wp\/v2\/users\/1"}],"replies":[{"embeddable":true,"href":"https:\/\/lamaisondesbois-perigord.com\/index.php\/wp-json\/wp\/v2\/comments?post=370"}],"version-history":[{"count":17,"href":"https:\/\/lamaisondesbois-perigord.com\/index.php\/wp-json\/wp\/v2\/pages\/370\/revisions"}],"predecessor-version":[{"id":985,"href":"https:\/\/lamaisondesbois-perigord.com\/index.php\/wp-json\/wp\/v2\/pages\/370\/revisions\/985"}],"wp:attachment":[{"href":"https:\/\/lamaisondesbois-perigord.com\/index.php\/wp-json\/wp\/v2\/media?parent=370"}],"curies":[{"name":"wp","href":"https:\/\/api.w.org\/{rel}","templated":true}]}}