{"id":369,"date":"2018-03-27T08:09:20","date_gmt":"2018-03-27T08:09:20","guid":{"rendered":"https:\/\/plethorathemes.com\/hotel-xenia\/city-hotel\/?page_id=6"},"modified":"2024-06-28T15:27:27","modified_gmt":"2024-06-28T13:27:27","slug":"accueil","status":"publish","type":"page","link":"https:\/\/lamaisondesbois-perigord.com\/","title":{"rendered":"Accueil"},"content":{"rendered":"<p>[vc_row full_width=&#8221;stretch_row&#8221; color_set=&#8221;black_section&#8221; transparent=&#8221;transparent&#8221;][vc_column width=&#8221;1\/2&#8243; color_set=&#8221;white_section&#8221; boxed=&#8221;boxed_plus&#8221; offset=&#8221;vc_col-sm-offset-0&#8243;]<div class=\"heading_group_sc wpb_content_element subtitle_top    text-left\">\r\n\r\n        <span class=\"subtitle\">Bienvenue \u00e0 La Maison des bois<\/span>\r\n\r\n    <h2 class=\"milenia-section-title milenia-font--first-accented\">Chambres d&#8217;h\u00f4tes en Dordogne &#8211; P\u00e9rigord Noir<\/h2>\n\r\n\r\n\r\n<\/div>[vc_single_image image=&#8221;760&#8243; img_size=&#8221;large&#8221;]<div class=\"plethora_button wpb_content_element   text-left \">\r\n    <a href=\"https:\/\/lamaisondesbois-perigord.com\/index.php\/rooms-suites\/\" class=\" btn btn-inv btn-primary  \" title=\"H\u00e9bergements\"  target=\"_self\">\r\n\r\n        \r\n        En savoir plus\r\n        \r\n\r\n    <\/a>\r\n<\/div>[\/vc_column][vc_column width=&#8221;1\/2&#8243; color_set=&#8221;black_section&#8221; css=&#8221;.vc_custom_1606060470711{background-color: #ffffff !important;}&#8221;][vc_column_text]<\/p>\n<h3><span style=\"color: #000000;\"><strong>Votre s\u00e9jour dans le P\u00e9rigord.<\/strong><\/span><\/h3>\n<p>&nbsp;<\/p>\n<p><span style=\"color: #000000;\">Vous cherchez un endroit tranquille en pleine nature, plein d\u2019authenticit\u00e9, la Maison des Bois est faite pour vous.<\/span><\/p>\n<p>&nbsp;<\/p>\n<p><span style=\"color: #000000;\">Entour\u00e9e de 8 hectares de bois, elle est situ\u00e9e dans le P\u00e9rigord Noir , \u00e0 la limite du P\u00e9rigord Pourpre, entre Bergerac et Sarlat la Can\u00e9da. A \u00e9gale distance (4kms) vous trouverez le joli village de Paunat avec son abbatiale du XII\u00e8me et \u00e0 l\u2019oppos\u00e9 le village de st Alv\u00e8re avec son march\u00e9 aux truffes de d\u00e9cembre \u00e0 f\u00e9vrier.<\/span><\/p>\n<p><span style=\"color: #000000;\">Parfaitement plac\u00e9e par rapport aux sites touristiques \u00e0 visiter ainsi que pour toutes les activit\u00e9s sportives.<\/span><\/p>\n<p><span style=\"color: #000000;\">Proche du village de Limeuil , l\u2019un des plus beau village de France, o\u00f9 se rejoignent la Dordogne et la V\u00e9z\u00e8re, vous pourrez profiter de la baignade en rivi\u00e8re, de la descente en cano\u00eb,<span class=\"Apple-converted-space\">\u00a0 <\/span>ou alors des magnifiques paysages sur le sommet des cingles de Limeuil ou Tr\u00e9molat.<\/span><\/p>\n<p>&nbsp;<\/p>\n<p><span style=\"color: #000000;\">La maison des bois vous propose deux gites ind\u00e9pendants d\u2019une capacit\u00e9 de 4 et 6 personnes (celui de 6<span class=\"Apple-converted-space\">\u00a0 <\/span>est adapt\u00e9 aux personnes \u00e0 mobilit\u00e9 r\u00e9duite) ainsi que de deux chambres d\u2019h\u00f4tes.<\/span><\/p>\n<p><span style=\"color: #000000;\">La propri\u00e9t\u00e9 est \u00e9galement dot\u00e9e d\u2019une grande piscine de 12 x 6, ouverte en saison et \u00e0 partager entre les occupants des autres logements du domaine.<\/span>[\/vc_column_text][\/vc_column][\/vc_row][vc_row full_width=&#8221;stretch_row&#8221; row_padding_bottom=&#8221;padding_bottom_1-2&#8243;][vc_column]<div class=\"ple_anypostloop_shortcode wpb_content_element  \"><div id=\"grid_5ad9bb76235f5\" class=\"grid_wrapper row clearfix  rooms_grid_classic_vertical_wrapper \"> \t\r\n        <div class=\"rooms_grid_item grid_item col-xs-12 grid_sizer col-md-6 col-sm-6  rooms  \" >\r\n                <div class=\"rooms_grid_item_photo\">\r\n                        <a href=\"https:\/\/lamaisondesbois-perigord.com\/index.php\/room\/grand-suite\/\" title=\"La Ch\u00eanaie\" target=\"_parent\" class=\"\">\r\n                        <div style=\"background-image: url('https:\/\/lamaisondesbois-perigord.com\/wp-content\/uploads\/2018\/04\/0CC13F0B-BB57-4EB1-8E71-205730D9BA76_1_105_c.jpeg')\" class=\"stretchy_wrapper ratio_16-9 \"  title=\"La Ch\u00eanaie\">\r\n                           \r\n                        <\/div>\r\n                        <\/a>\r\n                <\/div>\r\n\r\n                <div class=\"rooms_grid_item_content white_section\">\r\n                        <h3 class=\"textify_links\"><a href=\"https:\/\/lamaisondesbois-perigord.com\/index.php\/room\/grand-suite\/\" title=\"La Ch\u00eanaie\" target=\"_parent\" class=\"\">La Ch\u00eanaie<\/a><\/h3>\r\n                        <p class=\"subtitle\">6 personnes<\/p>\r\n                        <div class=\"room_listed_amenities\">\r\n                        <\/div>                        \r\n                        <p class=\"excerpt\">G\u00eete de 84m2 comprenant une belle terrasse avec vue, sans vis \u00e0 vis. G\u00eete adapt\u00e9&hellip;<\/p>                        \r\n\r\n                        <a href=\"https:\/\/lamaisondesbois-perigord.com\/index.php\/room\/grand-suite\/\" title=\"La Ch\u00eanaie\" target=\"_parent\" class=\"btn btn-link \">D\u00e9tails<\/a>\r\n                <\/div>\r\n\r\n        <\/div>        \r\n        <div class=\"rooms_grid_item grid_item col-xs-12 grid_sizer col-md-6 col-sm-6  rooms  \" >\r\n                <div class=\"rooms_grid_item_photo\">\r\n                        <a href=\"https:\/\/lamaisondesbois-perigord.com\/index.php\/room\/triple-deluxe\/\" title=\"Le Petit b\u00fbcheron\" target=\"_parent\" class=\"\">\r\n                        <div style=\"background-image: url('https:\/\/lamaisondesbois-perigord.com\/wp-content\/uploads\/2018\/04\/EC0BC33D-51AA-4EAD-8F04-03F4576307C5_1_105_c.jpeg')\" class=\"stretchy_wrapper ratio_16-9 \"  title=\"Le Petit b\u00fbcheron\">\r\n                           \r\n                        <\/div>\r\n                        <\/a>\r\n                <\/div>\r\n\r\n                <div class=\"rooms_grid_item_content white_section\">\r\n                        <h3 class=\"textify_links\"><a href=\"https:\/\/lamaisondesbois-perigord.com\/index.php\/room\/triple-deluxe\/\" title=\"Le Petit b\u00fbcheron\" target=\"_parent\" class=\"\">Le Petit b\u00fbcheron<\/a><\/h3>\r\n                        <p class=\"subtitle\">4 personnes<\/p>\r\n                        <div class=\"room_listed_amenities\">\r\n                        <\/div>                        \r\n                        <p class=\"excerpt\">G\u00eete de 43m2 avec une vue sur le parc arbor\u00e9, sans vis \u00e0 vis avec&hellip;<\/p>                        \r\n\r\n                        <a href=\"https:\/\/lamaisondesbois-perigord.com\/index.php\/room\/triple-deluxe\/\" title=\"Le Petit b\u00fbcheron\" target=\"_parent\" class=\"btn btn-link \">D\u00e9tails<\/a>\r\n                <\/div>\r\n\r\n        <\/div>        \r\n        <div class=\"rooms_grid_item grid_item col-xs-12 grid_sizer col-md-6 col-sm-6  rooms  \" >\r\n                <div class=\"rooms_grid_item_photo\">\r\n                        <a href=\"https:\/\/lamaisondesbois-perigord.com\/index.php\/room\/double-deluxe\/\" title=\"La source\" target=\"_parent\" class=\"\">\r\n                        <div style=\"background-image: url('https:\/\/lamaisondesbois-perigord.com\/wp-content\/uploads\/2018\/04\/23C3D0EA-18F6-421A-8896-269A078E1CA5.jpeg')\" class=\"stretchy_wrapper ratio_16-9 \"  title=\"La source\">\r\n                           \r\n                        <\/div>\r\n                        <\/a>\r\n                <\/div>\r\n\r\n                <div class=\"rooms_grid_item_content white_section\">\r\n                        <h3 class=\"textify_links\"><a href=\"https:\/\/lamaisondesbois-perigord.com\/index.php\/room\/double-deluxe\/\" title=\"La source\" target=\"_parent\" class=\"\">La source<\/a><\/h3>\r\n                        <p class=\"subtitle\">Chambre d'h\u00f4tes<\/p>\r\n                        <div class=\"room_listed_amenities\">\r\n                        <\/div>                        \r\n                        <p class=\"excerpt\">Chambre situ\u00e9e \u00e0 l'entr\u00e9e de la maison principale. 1 lit double 160 x 200<\/p>                        \r\n\r\n                        <a href=\"https:\/\/lamaisondesbois-perigord.com\/index.php\/room\/double-deluxe\/\" title=\"La source\" target=\"_parent\" class=\"btn btn-link \">D\u00e9tails<\/a>\r\n                <\/div>\r\n\r\n        <\/div>        \r\n        <div class=\"rooms_grid_item grid_item col-xs-12 grid_sizer col-md-6 col-sm-6  rooms  \" >\r\n                <div class=\"rooms_grid_item_photo\">\r\n                        <a href=\"https:\/\/lamaisondesbois-perigord.com\/index.php\/room\/single-room-2\/\" title=\"La truffi\u00e8re\" target=\"_parent\" class=\"\">\r\n                        <div style=\"background-image: url('https:\/\/lamaisondesbois-perigord.com\/wp-content\/uploads\/2018\/04\/66943292-9096-4004-B918-8DAFAAAFCED6.jpeg')\" class=\"stretchy_wrapper ratio_16-9 \"  title=\"La truffi\u00e8re\">\r\n                           \r\n                        <\/div>\r\n                        <\/a>\r\n                <\/div>\r\n\r\n                <div class=\"rooms_grid_item_content white_section\">\r\n                        <h3 class=\"textify_links\"><a href=\"https:\/\/lamaisondesbois-perigord.com\/index.php\/room\/single-room-2\/\" title=\"La truffi\u00e8re\" target=\"_parent\" class=\"\">La truffi\u00e8re<\/a><\/h3>\r\n                        <p class=\"subtitle\">Chambre d'h\u00f4tes<\/p>\r\n                        <div class=\"room_listed_amenities\">\r\n                        <\/div>                        \r\n                        <p class=\"excerpt\">Chambre situ\u00e9e face \u00e0 la maison principale<\/p>                        \r\n\r\n                        <a href=\"https:\/\/lamaisondesbois-perigord.com\/index.php\/room\/single-room-2\/\" title=\"La truffi\u00e8re\" target=\"_parent\" class=\"btn btn-link \">D\u00e9tails<\/a>\r\n                <\/div>\r\n\r\n        <\/div>        \r\n<\/div><\/div><div class=\"plethora_button wpb_content_element   text-center \">\r\n    <a href=\"https:\/\/lamaisondesbois-perigord.com\/index.php\/rooms-suites\/\" class=\"btn-lg btn btn-inv btn-primary with-icon icon-right\" title=\"H\u00e9bergements\"  target=\"_self\">\r\n\r\n        \r\n        D\u00e9couvrez nos chambres\r\n         <i class=\"fa fa-long-arrow-right\"><\/i> \r\n\r\n    <\/a>\r\n<\/div>[\/vc_column][\/vc_row][vc_row full_width=&#8221;stretch_row_content_no_spaces&#8221; content_placement=&#8221;middle&#8221; row_padding_top=&#8221;padding_top_none&#8221; row_padding_bottom=&#8221;padding_bottom_none&#8221;][vc_column width=&#8221;1\/2&#8243; css=&#8221;.vc_custom_1621072516506{background-image: url(https:\/\/lamaisondesbois-perigord.com\/wp-content\/uploads\/2021\/05\/accueil-mdb-scaled.jpeg?id=1002) !important;background-position: center !important;background-repeat: no-repeat !important;background-size: cover !important;}&#8221; offset=&#8221;vc_col-lg-8 vc_col-md-7&#8243;][vc_empty_space height=&#8221;350px&#8221; el_class=&#8221;hidden-xs&#8221;][vc_empty_space height=&#8221;350px&#8221;][\/vc_column][vc_column width=&#8221;1\/2&#8243; color_set=&#8221;white_section&#8221; boxed=&#8221;boxed_plus&#8221; offset=&#8221;vc_col-lg-4 vc_col-md-5&#8243; el_class=&#8221;col-lg-pull-1&#8243;]<div class=\"heading_group_sc wpb_content_element subtitle_top    text-left\">\r\n\r\n        <span class=\"subtitle\">La Maison des bois<\/span>\r\n\r\n    <h3 style=\"text-align: left;\"><span style=\"color: #000000;\">Le domaine en P\u00e9rigord<\/span><\/h3>\n\r\n\r\n\r\n<\/div>[vc_column_text]Nous vous accueillons dans notre jolie maison de caract\u00e8re, en pierre de pays, en pleine for\u00eat situ\u00e9e sur la commune de Paunat. Vous pourrez profitez de notre parc de 8ha et de sa piscine.[\/vc_column_text]<div class=\"plethora_button wpb_content_element   text-left \">\r\n    <a href=\"https:\/\/lamaisondesbois-perigord.com\/index.php\/bar-restaurant\/\" class=\" btn btn-default  \" title=\"Activit\u00e9s\"  target=\"_self\">\r\n\r\n        \r\n        Notre domaine\r\n        \r\n\r\n    <\/a>\r\n<\/div>[\/vc_column][\/vc_row][vc_row full_width=&#8221;stretch_row_content_no_spaces&#8221; content_placement=&#8221;middle&#8221; row_padding_top=&#8221;padding_top_none&#8221; row_padding_bottom=&#8221;padding_bottom_none&#8221;][vc_column width=&#8221;1\/2&#8243; color_set=&#8221;white_section&#8221; boxed=&#8221;boxed_plus&#8221; offset=&#8221;vc_col-lg-8 vc_col-md-7&#8243; el_class=&#8221;col-sm-push-6 col-md-push-5 col-lg-push-4&#8243; css=&#8221;.vc_custom_1611418902734{background-image: url(https:\/\/lamaisondesbois-perigord.com\/wp-content\/uploads\/2021\/01\/activites-perigord.jpg?id=753) !important;background-position: center !important;background-repeat: no-repeat !important;background-size: cover !important;}&#8221;][vc_empty_space height=&#8221;350px&#8221; el_class=&#8221;hidden-xs&#8221;][vc_empty_space height=&#8221;350px&#8221;][\/vc_column][vc_column width=&#8221;1\/2&#8243; color_set=&#8221;white_section&#8221; boxed=&#8221;boxed_plus&#8221; el_class=&#8221;col-sm-pull-6 col-md-pull-7 col-lg-pull-7&#8243; offset=&#8221;vc_col-lg-4 vc_col-md-5&#8243;]<div class=\"heading_group_sc wpb_content_element subtitle_top    text-right\">\r\n\r\n        <span class=\"subtitle\">Evadez-vous<\/span>\r\n\r\n    <h3><span style=\"color: #000000;\">Les activit\u00e9s en P\u00e9rigord<\/span><\/h3>\n\r\n\r\n\r\n<\/div>[vc_column_text]<\/p>\n<p style=\"text-align: right;\">Venez profiter de la nature, des chemins de randonn\u00e9es et de la gastronomie. Vous aurez aussi la possibilit\u00e9 d\u2019observer les animaux de la for\u00eat, \u00a0et de visiter les ch\u00e2teaux et sites pr\u00e9historiques qui entourent la r\u00e9gion.<\/p>\n<p>[\/vc_column_text]<div class=\"plethora_button wpb_content_element   text-right \">\r\n    <a href=\"https:\/\/lamaisondesbois-perigord.com\/index.php\/activites\/\" class=\" btn btn-default  \" title=\"Activit\u00e9s\"  target=\"_self\">\r\n\r\n        \r\n        LES ACTIVIT\u00e9s\r\n        \r\n\r\n    <\/a>\r\n<\/div>[\/vc_column][\/vc_row]<\/p>\n","protected":false},"excerpt":{"rendered":"<p>[vc_row full_width=&#8221;stretch_row&#8221; color_set=&#8221;black_section&#8221; transparent=&#8221;transparent&#8221;][vc_column width=&#8221;1\/2&#8243; color_set=&#8221;white_section&#8221; boxed=&#8221;boxed_plus&#8221; offset=&#8221;vc_col-sm-offset-0&#8243;][vc_single_image image=&#8221;760&#8243; img_size=&#8221;large&#8221;][\/vc_column][vc_column width=&#8221;1\/2&#8243; color_set=&#8221;black_section&#8221; css=&#8221;.vc_custom_1606060470711{background-color: #ffffff !important;}&#8221;][vc_column_text] Votre s\u00e9jour dans le P\u00e9rigord. &nbsp; Vous cherchez un endroit tranquille en pleine nature, plein d\u2019authenticit\u00e9, la Maison des Bois est faite pour vous. &nbsp; Entour\u00e9e de 8 hectares de bois, elle est situ\u00e9e dans le P\u00e9rigord Noir , \u00e0 [&hellip;]<\/p>\n","protected":false},"author":1,"featured_media":0,"parent":0,"menu_order":0,"comment_status":"closed","ping_status":"closed","template":"","meta":{"_monsterinsights_skip_tracking":false,"_monsterinsights_sitenote_active":false,"_monsterinsights_sitenote_note":"","_monsterinsights_sitenote_category":0,"footnotes":""},"yoast_head":"<!-- This site is optimized with the Yoast SEO plugin v16.2 - https:\/\/yoast.com\/wordpress\/plugins\/seo\/ -->\n<title>Accueil - La Maison des Bois P\u00e9rigord<\/title>\n<meta name=\"description\" content=\"G\u00eetes et chambre d&#039;h\u00f4tes dans le P\u00e9rigord Noir. D\u00e9couvrez notre domaine et sa piscine et venez profiter de la nature.\" \/>\n<meta name=\"robots\" content=\"index, follow, max-snippet:-1, max-image-preview:large, max-video-preview:-1\" \/>\n<link rel=\"canonical\" href=\"https:\/\/lamaisondesbois-perigord.com\/\" \/>\n<meta property=\"og:locale\" content=\"en_US\" \/>\n<meta property=\"og:type\" content=\"article\" \/>\n<meta property=\"og:title\" content=\"Accueil - La Maison des Bois P\u00e9rigord\" \/>\n<meta property=\"og:description\" content=\"G\u00eetes et chambre d&#039;h\u00f4tes dans le P\u00e9rigord Noir. D\u00e9couvrez notre domaine et sa piscine et venez profiter de la nature.\" \/>\n<meta property=\"og:url\" content=\"https:\/\/lamaisondesbois-perigord.com\/\" \/>\n<meta property=\"og:site_name\" content=\"La Maison des Bois P\u00e9rigord\" \/>\n<meta property=\"article:modified_time\" content=\"2024-06-28T13:27:27+00:00\" \/>\n<meta name=\"twitter:card\" content=\"summary_large_image\" \/>\n<meta name=\"twitter:label1\" content=\"Est. reading time\">\n\t<meta name=\"twitter:data1\" content=\"2 minutes\">\n<script type=\"application\/ld+json\" class=\"yoast-schema-graph\">{\"@context\":\"https:\/\/schema.org\",\"@graph\":[{\"@type\":\"WebSite\",\"@id\":\"https:\/\/lamaisondesbois-perigord.com\/#website\",\"url\":\"https:\/\/lamaisondesbois-perigord.com\/\",\"name\":\"La Maison des Bois P\\u00e9rigord\",\"description\":\"Au coeur de la nature\",\"potentialAction\":[{\"@type\":\"SearchAction\",\"target\":\"https:\/\/lamaisondesbois-perigord.com\/?s={search_term_string}\",\"query-input\":\"required name=search_term_string\"}],\"inLanguage\":\"en-US\"},{\"@type\":\"WebPage\",\"@id\":\"https:\/\/lamaisondesbois-perigord.com\/#webpage\",\"url\":\"https:\/\/lamaisondesbois-perigord.com\/\",\"name\":\"Accueil - La Maison des Bois P\\u00e9rigord\",\"isPartOf\":{\"@id\":\"https:\/\/lamaisondesbois-perigord.com\/#website\"},\"datePublished\":\"2018-03-27T08:09:20+00:00\",\"dateModified\":\"2024-06-28T13:27:27+00:00\",\"description\":\"G\\u00eetes et chambre d'h\\u00f4tes dans le P\\u00e9rigord Noir. D\\u00e9couvrez notre domaine et sa piscine et venez profiter de la nature.\",\"breadcrumb\":{\"@id\":\"https:\/\/lamaisondesbois-perigord.com\/#breadcrumb\"},\"inLanguage\":\"en-US\",\"potentialAction\":[{\"@type\":\"ReadAction\",\"target\":[\"https:\/\/lamaisondesbois-perigord.com\/\"]}]},{\"@type\":\"BreadcrumbList\",\"@id\":\"https:\/\/lamaisondesbois-perigord.com\/#breadcrumb\",\"itemListElement\":[{\"@type\":\"ListItem\",\"position\":1,\"item\":{\"@type\":\"WebPage\",\"@id\":\"https:\/\/lamaisondesbois-perigord.com\/\",\"url\":\"https:\/\/lamaisondesbois-perigord.com\/\",\"name\":\"Accueil\"}},{\"@type\":\"ListItem\",\"position\":2,\"item\":{\"@id\":\"https:\/\/lamaisondesbois-perigord.com\/#webpage\"}}]}]}<\/script>\n<!-- \/ Yoast SEO plugin. -->","_links":{"self":[{"href":"https:\/\/lamaisondesbois-perigord.com\/index.php\/wp-json\/wp\/v2\/pages\/369"}],"collection":[{"href":"https:\/\/lamaisondesbois-perigord.com\/index.php\/wp-json\/wp\/v2\/pages"}],"about":[{"href":"https:\/\/lamaisondesbois-perigord.com\/index.php\/wp-json\/wp\/v2\/types\/page"}],"author":[{"embeddable":true,"href":"https:\/\/lamaisondesbois-perigord.com\/index.php\/wp-json\/wp\/v2\/users\/1"}],"replies":[{"embeddable":true,"href":"https:\/\/lamaisondesbois-perigord.com\/index.php\/wp-json\/wp\/v2\/comments?post=369"}],"version-history":[{"count":53,"href":"https:\/\/lamaisondesbois-perigord.com\/index.php\/wp-json\/wp\/v2\/pages\/369\/revisions"}],"predecessor-version":[{"id":1061,"href":"https:\/\/lamaisondesbois-perigord.com\/index.php\/wp-json\/wp\/v2\/pages\/369\/revisions\/1061"}],"wp:attachment":[{"href":"https:\/\/lamaisondesbois-perigord.com\/index.php\/wp-json\/wp\/v2\/media?parent=369"}],"curies":[{"name":"wp","href":"https:\/\/api.w.org\/{rel}","templated":true}]}}