{"id":16,"date":"2018-03-27T08:10:51","date_gmt":"2018-03-27T08:10:51","guid":{"rendered":"https:\/\/plethorathemes.com\/hotel-xenia\/city-hotel\/?page_id=16"},"modified":"2021-01-24T18:47:53","modified_gmt":"2021-01-24T17:47:53","slug":"contact","status":"publish","type":"page","link":"https:\/\/lamaisondesbois-perigord.com\/index.php\/contact\/","title":{"rendered":"Contact"},"content":{"rendered":"<p>[vc_row][vc_column][vc_column_text]<\/p>\n<h2 style=\"text-align: center;\">Contactez-nous pour r\u00e9server<\/h2>\n<p>[\/vc_column_text][vc_row_inner][vc_column_inner width=&#8221;1\/3&#8243;]<!-- ========================== TEASER BOX ==========================-->\r\n\r\n<div class=\"teaser_box wpb_content_element  vertical text-center     \">\r\n\r\n\r\n\r\n\r\n        \r\n\r\n\r\n\r\n\r\n  <div class=\"content \">\r\n    \r\n    <div class=\"hgroup textify_links\"><h4>Parking<\/h4><\/div>\r\n\r\n     <div class=\"desc\"><p>Emplacements d\u00e9di\u00e9s pour chaque h\u00e9bergement<\/p><\/div> \r\n\r\n  <\/div>\r\n\r\n<\/div>\r\n\r\n<!-- END======================= TEASER BOX ==========================-->[\/vc_column_inner][vc_column_inner width=&#8221;1\/3&#8243;]<!-- ========================== TEASER BOX ==========================-->\r\n\r\n<div class=\"teaser_box wpb_content_element  vertical text-center     \">\r\n\r\n\r\n\r\n\r\n        \r\n\r\n\r\n\r\n\r\n  <div class=\"content \">\r\n    \r\n    <div class=\"hgroup textify_links\"><h4>Telephone<\/h4><\/div>\r\n\r\n     <div class=\"desc\"><p>Nous serions ravis de vous r\u00e9pondre<br \/>\n<b>05.53.24.13.95<\/b><br \/>\n<b>06.89.98.54.27<\/b><\/p><\/div> \r\n\r\n  <\/div>\r\n\r\n<\/div>\r\n\r\n<!-- END======================= TEASER BOX ==========================-->[\/vc_column_inner][vc_column_inner width=&#8221;1\/3&#8243;]<!-- ========================== TEASER BOX ==========================-->\r\n\r\n<div class=\"teaser_box wpb_content_element  vertical text-center     \">\r\n\r\n\r\n\r\n\r\n        \r\n\r\n\r\n\r\n\r\n  <div class=\"content \">\r\n    \r\n    <div class=\"hgroup textify_links\"><h4>E-mail<\/h4><\/div>\r\n\r\n     <div class=\"desc\"><p>Envoyez-nous vos demandes par mail<br \/>\n<b>lamaisondesbois.perigord@gmail.com<\/b><\/p><\/div> \r\n\r\n  <\/div>\r\n\r\n<\/div>\r\n\r\n<!-- END======================= TEASER BOX ==========================-->[\/vc_column_inner][\/vc_row_inner][\/vc_column][\/vc_row][vc_row full_width=&#8221;stretch_row&#8221; disable_element=&#8221;yes&#8221; color_set=&#8221;white_section&#8221; align=&#8221;text-center&#8221; row_padding_top=&#8221;padding_top_none&#8221; el_class=&#8221;large_form&#8221; css=&#8221;.vc_custom_1610816841619{background-color: #f2f2f2 !important;}&#8221;][vc_column width=&#8221;2\/3&#8243; offset=&#8221;vc_col-sm-offset-2&#8243;]<div class=\"heading_group_sc wpb_content_element subtitle_bottom   vc_custom_1531399075041  text-center\">\r\n\r\n\r\n    <h2>DROP US A LINE<\/h2>\n\r\n\r\n        <span class=\"subtitle\"><\/span>\r\n\r\n        <div class=\"svg_divider\"><img decoding=\"async\" src=\"https:\/\/lamaisondesbois-perigord.com\/wp-content\/themes\/hotel-xenia\/templates\/shortcodes\/divider.png\"><\/div>\r\n<\/div>[vc_column_text css=&#8221;.vc_custom_1531399087480{margin-top: 0px !important;margin-bottom: 64px !important;}&#8221;]<\/p>\n<p style=\"text-align: center;\">Let us know how we can help<\/p>\n<p>[\/vc_column_text][contact-form-7 404 \"Not Found\"][\/vc_column][\/vc_row][vc_row full_width=&#8221;stretch_row&#8221; disable_element=&#8221;yes&#8221; color_set=&#8221;black_section&#8221; transparent_overlay=&#8221;transparent_film&#8221; align=&#8221;text-center&#8221; css=&#8221;.vc_custom_1610816902163{background-image: url(https:\/\/lamaisondesbois-perigord.com\/wp-content\/uploads\/2018\/04\/0037_contact-cta.jpg?id=206) !important;}&#8221; el_class=&#8221;large_form&#8221;][vc_column width=&#8221;2\/3&#8243; offset=&#8221;vc_col-sm-offset-2&#8243;][vc_empty_space height=&#8221;64px&#8221;]<div class=\"heading_group_sc wpb_content_element subtitle_top    text-center\">\r\n\r\n        <span class=\"subtitle\">XENIA CITY<\/span>\r\n\r\n    <h2>BOOK YOUR STAY<\/h2>\n\r\n\r\n\r\n<\/div>[vc_column_text css=&#8221;.vc_custom_1531399108168{margin-bottom: 40px !important;}&#8221;]<\/p>\n<p style=\"text-align: center;\">We provide seasonal special discounts for selected rooms. Let us know the room you are interested in and let&#8217;s make it happen<\/p>\n<p>[\/vc_column_text]<div class=\"plethora_button wpb_content_element   text-center \">\r\n    <a href=\"https:\/\/plethorathemes.com\/hotel-xenia\/city-hotel\/reservation-booking\/\" class=\"btn-lg btn btn-secondary  \" title=\"\"  target=\"_self\">\r\n\r\n        \r\n        Request a quote\r\n        \r\n\r\n    <\/a>\r\n<\/div>[vc_empty_space height=&#8221;64px&#8221;][\/vc_column][\/vc_row]<\/p>\n","protected":false},"excerpt":{"rendered":"<p>[vc_row][vc_column][vc_column_text] Contactez-nous pour r\u00e9server [\/vc_column_text][vc_row_inner][vc_column_inner width=&#8221;1\/3&#8243;][\/vc_column_inner][vc_column_inner width=&#8221;1\/3&#8243;][\/vc_column_inner][vc_column_inner width=&#8221;1\/3&#8243;][\/vc_column_inner][\/vc_row_inner][\/vc_column][\/vc_row][vc_row full_width=&#8221;stretch_row&#8221; disable_element=&#8221;yes&#8221; color_set=&#8221;white_section&#8221; align=&#8221;text-center&#8221; row_padding_top=&#8221;padding_top_none&#8221; el_class=&#8221;large_form&#8221; css=&#8221;.vc_custom_1610816841619{background-color: #f2f2f2 !important;}&#8221;][vc_column width=&#8221;2\/3&#8243; offset=&#8221;vc_col-sm-offset-2&#8243;][vc_column_text css=&#8221;.vc_custom_1531399087480{margin-top: 0px !important;margin-bottom: 64px !important;}&#8221;] Let us know how we can help [\/vc_column_text][\/vc_column][\/vc_row][vc_row full_width=&#8221;stretch_row&#8221; disable_element=&#8221;yes&#8221; color_set=&#8221;black_section&#8221; transparent_overlay=&#8221;transparent_film&#8221; align=&#8221;text-center&#8221; css=&#8221;.vc_custom_1610816902163{background-image: url(https:\/\/lamaisondesbois-perigord.com\/wp-content\/uploads\/2018\/04\/0037_contact-cta.jpg?id=206) !important;}&#8221; el_class=&#8221;large_form&#8221;][vc_column width=&#8221;2\/3&#8243; offset=&#8221;vc_col-sm-offset-2&#8243;][vc_empty_space height=&#8221;64px&#8221;][vc_column_text css=&#8221;.vc_custom_1531399108168{margin-bottom: 40px !important;}&#8221;] We provide seasonal special discounts for selected rooms. [&hellip;]<\/p>\n","protected":false},"author":1,"featured_media":647,"parent":0,"menu_order":0,"comment_status":"closed","ping_status":"closed","template":"","meta":{"_monsterinsights_skip_tracking":false,"_monsterinsights_sitenote_active":false,"_monsterinsights_sitenote_note":"","_monsterinsights_sitenote_category":0,"footnotes":""},"yoast_head":"<!-- This site is optimized with the Yoast SEO plugin v16.2 - https:\/\/yoast.com\/wordpress\/plugins\/seo\/ -->\n<title>Contact - La Maison des Bois P\u00e9rigord<\/title>\n<meta name=\"robots\" content=\"index, follow, max-snippet:-1, max-image-preview:large, max-video-preview:-1\" \/>\n<link rel=\"canonical\" href=\"https:\/\/lamaisondesbois-perigord.com\/index.php\/contact\/\" \/>\n<meta property=\"og:locale\" content=\"en_US\" \/>\n<meta property=\"og:type\" content=\"article\" \/>\n<meta property=\"og:title\" content=\"Contact - La Maison des Bois P\u00e9rigord\" \/>\n<meta property=\"og:description\" content=\"[vc_row][vc_column][vc_column_text] Contactez-nous pour r\u00e9server [\/vc_column_text][vc_row_inner][vc_column_inner width=&#8221;1\/3&#8243;][\/vc_column_inner][vc_column_inner width=&#8221;1\/3&#8243;][\/vc_column_inner][vc_column_inner width=&#8221;1\/3&#8243;][\/vc_column_inner][\/vc_row_inner][\/vc_column][\/vc_row][vc_row full_width=&#8221;stretch_row&#8221; disable_element=&#8221;yes&#8221; color_set=&#8221;white_section&#8221; align=&#8221;text-center&#8221; row_padding_top=&#8221;padding_top_none&#8221; el_class=&#8221;large_form&#8221; css=&#8221;.vc_custom_1610816841619{background-color: #f2f2f2 !important;}&#8221;][vc_column width=&#8221;2\/3&#8243; offset=&#8221;vc_col-sm-offset-2&#8243;][vc_column_text css=&#8221;.vc_custom_1531399087480{margin-top: 0px !important;margin-bottom: 64px !important;}&#8221;] Let us know how we can help [\/vc_column_text][\/vc_column][\/vc_row][vc_row full_width=&#8221;stretch_row&#8221; disable_element=&#8221;yes&#8221; color_set=&#8221;black_section&#8221; transparent_overlay=&#8221;transparent_film&#8221; align=&#8221;text-center&#8221; css=&#8221;.vc_custom_1610816902163{background-image: url(https:\/\/lamaisondesbois-perigord.com\/wp-content\/uploads\/2018\/04\/0037_contact-cta.jpg?id=206) !important;}&#8221; el_class=&#8221;large_form&#8221;][vc_column width=&#8221;2\/3&#8243; offset=&#8221;vc_col-sm-offset-2&#8243;][vc_empty_space height=&#8221;64px&#8221;][vc_column_text css=&#8221;.vc_custom_1531399108168{margin-bottom: 40px !important;}&#8221;] We provide seasonal special discounts for selected rooms. [&hellip;]\" \/>\n<meta property=\"og:url\" content=\"https:\/\/lamaisondesbois-perigord.com\/index.php\/contact\/\" \/>\n<meta property=\"og:site_name\" content=\"La Maison des Bois P\u00e9rigord\" \/>\n<meta property=\"article:modified_time\" content=\"2021-01-24T17:47:53+00:00\" \/>\n<meta property=\"og:image\" content=\"https:\/\/lamaisondesbois-perigord.com\/wp-content\/uploads\/2020\/12\/activites-perigord-france.jpg\" \/>\n\t<meta property=\"og:image:width\" content=\"1280\" \/>\n\t<meta property=\"og:image:height\" content=\"853\" \/>\n<meta name=\"twitter:card\" content=\"summary_large_image\" \/>\n<meta name=\"twitter:label1\" content=\"Est. reading time\">\n\t<meta name=\"twitter:data1\" content=\"2 minutes\">\n<script type=\"application\/ld+json\" class=\"yoast-schema-graph\">{\"@context\":\"https:\/\/schema.org\",\"@graph\":[{\"@type\":\"WebSite\",\"@id\":\"https:\/\/lamaisondesbois-perigord.com\/#website\",\"url\":\"https:\/\/lamaisondesbois-perigord.com\/\",\"name\":\"La Maison des Bois P\\u00e9rigord\",\"description\":\"Au coeur de la nature\",\"potentialAction\":[{\"@type\":\"SearchAction\",\"target\":\"https:\/\/lamaisondesbois-perigord.com\/?s={search_term_string}\",\"query-input\":\"required name=search_term_string\"}],\"inLanguage\":\"en-US\"},{\"@type\":\"ImageObject\",\"@id\":\"https:\/\/lamaisondesbois-perigord.com\/index.php\/contact\/#primaryimage\",\"inLanguage\":\"en-US\",\"url\":\"https:\/\/lamaisondesbois-perigord.com\/wp-content\/uploads\/2020\/12\/activites-perigord-france.jpg\",\"contentUrl\":\"https:\/\/lamaisondesbois-perigord.com\/wp-content\/uploads\/2020\/12\/activites-perigord-france.jpg\",\"width\":1280,\"height\":853},{\"@type\":\"WebPage\",\"@id\":\"https:\/\/lamaisondesbois-perigord.com\/index.php\/contact\/#webpage\",\"url\":\"https:\/\/lamaisondesbois-perigord.com\/index.php\/contact\/\",\"name\":\"Contact - La Maison des Bois P\\u00e9rigord\",\"isPartOf\":{\"@id\":\"https:\/\/lamaisondesbois-perigord.com\/#website\"},\"primaryImageOfPage\":{\"@id\":\"https:\/\/lamaisondesbois-perigord.com\/index.php\/contact\/#primaryimage\"},\"datePublished\":\"2018-03-27T08:10:51+00:00\",\"dateModified\":\"2021-01-24T17:47:53+00:00\",\"breadcrumb\":{\"@id\":\"https:\/\/lamaisondesbois-perigord.com\/index.php\/contact\/#breadcrumb\"},\"inLanguage\":\"en-US\",\"potentialAction\":[{\"@type\":\"ReadAction\",\"target\":[\"https:\/\/lamaisondesbois-perigord.com\/index.php\/contact\/\"]}]},{\"@type\":\"BreadcrumbList\",\"@id\":\"https:\/\/lamaisondesbois-perigord.com\/index.php\/contact\/#breadcrumb\",\"itemListElement\":[{\"@type\":\"ListItem\",\"position\":1,\"item\":{\"@type\":\"WebPage\",\"@id\":\"https:\/\/lamaisondesbois-perigord.com\/\",\"url\":\"https:\/\/lamaisondesbois-perigord.com\/\",\"name\":\"Accueil\"}},{\"@type\":\"ListItem\",\"position\":2,\"item\":{\"@id\":\"https:\/\/lamaisondesbois-perigord.com\/index.php\/contact\/#webpage\"}}]}]}<\/script>\n<!-- \/ Yoast SEO plugin. -->","_links":{"self":[{"href":"https:\/\/lamaisondesbois-perigord.com\/index.php\/wp-json\/wp\/v2\/pages\/16"}],"collection":[{"href":"https:\/\/lamaisondesbois-perigord.com\/index.php\/wp-json\/wp\/v2\/pages"}],"about":[{"href":"https:\/\/lamaisondesbois-perigord.com\/index.php\/wp-json\/wp\/v2\/types\/page"}],"author":[{"embeddable":true,"href":"https:\/\/lamaisondesbois-perigord.com\/index.php\/wp-json\/wp\/v2\/users\/1"}],"replies":[{"embeddable":true,"href":"https:\/\/lamaisondesbois-perigord.com\/index.php\/wp-json\/wp\/v2\/comments?post=16"}],"version-history":[{"count":6,"href":"https:\/\/lamaisondesbois-perigord.com\/index.php\/wp-json\/wp\/v2\/pages\/16\/revisions"}],"predecessor-version":[{"id":747,"href":"https:\/\/lamaisondesbois-perigord.com\/index.php\/wp-json\/wp\/v2\/pages\/16\/revisions\/747"}],"wp:featuredmedia":[{"embeddable":true,"href":"https:\/\/lamaisondesbois-perigord.com\/index.php\/wp-json\/wp\/v2\/media\/647"}],"wp:attachment":[{"href":"https:\/\/lamaisondesbois-perigord.com\/index.php\/wp-json\/wp\/v2\/media?parent=16"}],"curies":[{"name":"wp","href":"https:\/\/api.w.org\/{rel}","templated":true}]}}